{"id":3,"date":"2020-08-24T17:09:04","date_gmt":"2020-08-24T15:09:04","guid":{"rendered":"https:\/\/wp.imo.universite-paris-saclay.fr\/christine-keribin\/?page_id=3"},"modified":"2026-02-09T12:40:46","modified_gmt":"2026-02-09T11:40:46","slug":"enseignement","status":"publish","type":"page","link":"https:\/\/wp.imo.universite-paris-saclay.fr\/christine-keribin\/enseignement\/","title":{"rendered":"Enseignement"},"content":{"rendered":"\n<p>deux polys: <a href=\"https:\/\/www.imo.universite-paris-saclay.fr\/~christine.keribin\/STA201\/ENSTA-STA201-2024.pdf\">Mod\u00e9lisation statistique<\/a>, <a href=\"https:\/\/www.imo.universite-paris-saclay.fr\/~christine.keribin\/STA203\/ENSTA-APM_4STA3_TA-2026.pdf\">Introduction \u00e0 l&#8217;apprentissage non supervis\u00e9 et supervis\u00e9<\/a><\/p>\n\n\n\n<div class=\"wp-block-group\"><div class=\"wp-block-group__inner-container is-layout-flow wp-block-group-is-layout-flow\">\n<h2 class=\"wp-block-heading\">Statistique et science des donn\u00e9es<\/h2>\n\n\n\n<p>\nM2 <a target=\"_blank\" href=\"https:\/\/www.imo.universite-paris-saclay.fr\/fr\/etudiants\/masters\/mathematiques-et-applications\/m2\/mathematiques-et-intelligence-artificielle\/\" rel=\"noopener noreferrer\">\nMath\u00e9matiques et Intelligence Artificielle<\/a> Paris-Saclay (depuis 2023) \n<\/p>\n<ul>\n  <li>Cours: Apprentissage non supervis\u00e9 avanc\u00e9: M\u00e9thodes de recherche de repr\u00e9sentation parcimonieuse de donn\u00e9es; M\u00e9thodes de clustering (clustering par mod\u00e8le de m\u00e9lange, algorithme EM, clustering spectral, clustering de graphes, d\u00e9tection de communaut\u00e9s, co-clustering)<\/li>\n<\/ul>\n<p>\nM1 <a target=\"_blank\" href=\"https:\/\/www.imo.universite-paris-saclay.fr\/fr\/etudiants\/masters\/mathematiques-et-applications\/m1\/mathematiques-et-intelligence-artificielle\/\" rel=\"noopener noreferrer\">\nMath\u00e9matiques et Intelligence Artificielle<\/a> Paris-Saclay (depuis 2022) \n<\/p>\n<ul>\n  <li>Cours, TD, TPs de statistiques: Apprentissage statistique;\nm\u00e9thodes de l&#8217;IA<\/li>\n<\/ul>\n<p>\nM1 <a target=\"_blank\" href=\"https:\/\/www.imo.universite-paris-saclay.fr\/fr\/etudiants\/masters\/mathematiques-et-applications\/m1\/mathematiques-appliquees\/\" rel=\"noopener noreferrer\">\nMath\u00e9matiques Appliqu\u00e9es<\/a> Paris-Saclay (depuis 2015, coop\u00e9r\u00e9\navec <a target=\"_blank\" href=\"https:\/\/www.ensta-paristech.fr\" rel=\"noopener noreferrer\">ENSTA Paris<\/a>) \n<\/p>\n<ul>\n  <li>Cours, TD, TPs de statistiques: Statistique inf\u00e9rentielle;\napprentissage statistique supervis\u00e9 et non supervis\u00e9<\/li>\n<\/ul>\n\n\n<p>M2 <a target=\"_blank\" href=\"https:\/\/www.imo.universite-paris-saclay.fr\/fr\/etudiants\/masters\/mathematiques-et-applications\/m2\/probabilites-et-statistiques\/\" rel=\"noopener noreferrer\">Math\u00e9matiques de l&#8217;al\u00e9atoire<\/a> Paris-Saclay \n<\/p>\n<ul>\n<li>Cours acc\u00e9l\u00e9r\u00e9 de statistique (depuis 2015): <a target=\"_blank\" href=\"https:\/\/www.imo.universite-paris-saclay.fr\/~christine.keribin\/EnseignementRaN.htm\" rel=\"noopener\"> lien <\/a><\/li>\n  <li>Paradigme Bay\u00e9sien (2015)<\/li> \n<\/ul>\n\n\n<p><b>Mini cours: <\/b><\/p>\n<ul>\n<li> Introduction au Machine Learning. Ateliers de la SFdS (novembre 2022)\n<li> Python pour les utilisateurs de R. Cours \u00e0 distance pour la SFdS. Principes (2020), visualisation (2021)\n<li><a target=\"_blank\" href=\"http:\/\/programme-scientifique.weebly.com\/1619.html\" rel=\"noopener noreferrer\">Variational Bayes methods and algorithms<\/a>, semaine Bay\u00e9sienne,  CIRM (2016)\n<\/ul>\n\n<p><b>Ecoles d&#8217;ing\u00e9nieur<\/b><\/p>\n<ul>\n  <li>Statistique Avanc\u00e9e, module \u00e9lectif 2\u00e8me ann\u00e9e, Ecole Centrale Paris,  2016-2019<\/li>\n  <li>Statistiques, ENSTA 1\u00e8re ann\u00e9e, 2016-2018<\/li>\n  <li>Data Science Starter Program (formation continue Big Data), Ecole Polytechnique, depuis 2017\n  <\/li>\n<\/ul>\n\n<p><b>M1 et M2 Ing\u00e9nierie Math\u00e9matique\nd&#8217;Orsay <\/b><\/p>\n<ul>\n  <li>Cours et TPs de statistiques: Statistique inf\u00e9rentielle, mod\u00e8les\nde\nr\u00e9gression, s\u00e9ries chronologiques, analyse exploratoire\nmultidimensionnelle <br>\nUtilisation de R et SAS <\/li>\n  <li> Cours et TPs de bases de donn\u00e9es. Utilisation de SQL sous Oracle<\/li>\n  <li> M\u00e9thodologie de recherche de stages et d&#8217;emploi<\/li>\n  <li> Suivi des stages en entreprise<\/li>\n  <li> Encadrement de projets de M2<\/li>\n<\/ul>\n\n<p><b>Licence<\/b><\/p>\n\n<ul>\n<li> L3 MINT, Paris-Sud: Interpr\u00e9tation statistique des donn\u00e9es (2017-2019)<\/li>\n  <li>LP\nGEDEP: Statistiques\npour la pluviom\u00e9trie, valeurs extr\u00eames\n(cours et TP sur Excel)<\/li>\n<li>LP\nData Mining, d\u00e9partement STID de l&#8217;IUT Paris-Descartes,&nbsp; (2008\n&#8211; 2013): Datamining avec R <\/li>\n<\/ul>\n<\/div><\/div>\n\n\n\n<h2 class=\"wp-block-heading\">MOOC<\/h2>\n\n\n\n<p><a target=\"_blank\" href=\"https:\/\/www.france-universite-numerique-mooc.fr\/courses\/VirchowVillerme\/06002S02\/Trimestre_1_2015\/about\" rel=\"noopener noreferrer\">Fondamentaux en statistique V2.0<\/a> (2015),  France Universit\u00e9 Num\u00e9rique, avec\nAvner Bar-Hen et Etienne C\u00f4me<\/p>\n<ul>\n  <li>Conception et r\u00e9alisation des s\u00e9ances d&#8217;applications avec R<\/li>\n  <li>Animation du forum<br>\n<\/li><\/ul>\n\n\n\n<h2 class=\"wp-block-heading\">Math\u00e9matiques en IUT<\/h2>\n\n\n\n<p>D\u00e9partement informatique, IUT d&#8217;Orsay (2002-2006)<\/p>\n<ul>\n\n  <li>Cours et TD (alg\u00e8bre lin\u00e9aire, codage, probabilit\u00e9s et\nstatistiques, graphes) en 1\u00e8re et 2\u00e8me ann\u00e9e de DUT informatique,\nformation initiale et continue. <\/li>\n  <li>Cours et TD de gestion de projets en 2\u00e8me ann\u00e9e de DUT\ninformatique par apprentissage. <\/li>\n  <li>TP d&#8217;initiation au traitement de texte et au publipostage <\/li>\n\n  <li>Mise en place de l&#8217;utilisation de la plate-forme WIMS pour les\n\u00e9tudiants de 1\u00e8re ann\u00e9e de DUT informatique. <\/li>\n  <li>Mise en place de l&#8217;utilisation du logiciel R dans le module de\nstatistiques de deuxi\u00e8me ann\u00e9e. <\/li>\n<\/ul>\n\n\n\n<h2 class=\"wp-block-heading\">Conception assist\u00e9e par ordinateur (CAO)<\/h2>\n\n\n\n<p>DESS d&#8217;ing\u00e9nierie math\u00e9matique d&#8217;Orsay, option CAO (1999-2002)<\/p>\n<ul>\n  <li>D\u00e9finition et r\u00e9alisation du cours, travaux\ndirig\u00e9s et travaux pratiques &#8220;Conception et Visualisation d&#8217;objets&#8221;:\nfeatures, mod\u00e9lisation du solide, op\u00e9rations bool\u00e9ennes, algorithmes\nd\u2019intersection, interpolation et approximation, synth\u00e8se d\u2019images <\/li>\n  <li>Mise en application des concepts du cours par\nl&#8217;utilisation des logiciels CATIA (utilisation de la CAO) et ACIS\n(bo\u00eete \u00e0 outils pour cr\u00e9er un logiciel de CAO)<\/li>\n  <li>Langage C++<br><\/li>\n\n  <li>Suivi des projets informatiques <\/li>\n  <li>Suivi des stages de fin d&#8217;\u00e9tude<\/li>\n<\/ul>\n\n\n\n<p><\/p>\n","protected":false},"excerpt":{"rendered":"<p>deux polys: Mod\u00e9lisation statistique, Introduction \u00e0 l&#8217;apprentissage non supervis\u00e9 et supervis\u00e9 Statistique et science des donn\u00e9es M2 Math\u00e9matiques et Intelligence Artificielle Paris-Saclay (depuis 2023) Cours: Apprentissage non supervis\u00e9 avanc\u00e9: M\u00e9thodes de recherche de repr\u00e9sentation parcimonieuse de donn\u00e9es; M\u00e9thodes de clustering &hellip; <a href=\"https:\/\/wp.imo.universite-paris-saclay.fr\/christine-keribin\/enseignement\/\">Continuer la lecture <span class=\"meta-nav\">&rarr;<\/span><\/a><\/p>\n","protected":false},"author":5,"featured_media":0,"parent":0,"menu_order":0,"comment_status":"closed","ping_status":"closed","template":"","meta":{"footnotes":""},"class_list":["post-3","page","type-page","status-publish","hentry"],"_links":{"self":[{"href":"https:\/\/wp.imo.universite-paris-saclay.fr\/christine-keribin\/wp-json\/wp\/v2\/pages\/3","targetHints":{"allow":["GET"]}}],"collection":[{"href":"https:\/\/wp.imo.universite-paris-saclay.fr\/christine-keribin\/wp-json\/wp\/v2\/pages"}],"about":[{"href":"https:\/\/wp.imo.universite-paris-saclay.fr\/christine-keribin\/wp-json\/wp\/v2\/types\/page"}],"author":[{"embeddable":true,"href":"https:\/\/wp.imo.universite-paris-saclay.fr\/christine-keribin\/wp-json\/wp\/v2\/users\/5"}],"replies":[{"embeddable":true,"href":"https:\/\/wp.imo.universite-paris-saclay.fr\/christine-keribin\/wp-json\/wp\/v2\/comments?post=3"}],"version-history":[{"count":36,"href":"https:\/\/wp.imo.universite-paris-saclay.fr\/christine-keribin\/wp-json\/wp\/v2\/pages\/3\/revisions"}],"predecessor-version":[{"id":404,"href":"https:\/\/wp.imo.universite-paris-saclay.fr\/christine-keribin\/wp-json\/wp\/v2\/pages\/3\/revisions\/404"}],"wp:attachment":[{"href":"https:\/\/wp.imo.universite-paris-saclay.fr\/christine-keribin\/wp-json\/wp\/v2\/media?parent=3"}],"curies":[{"name":"wp","href":"https:\/\/api.w.org\/{rel}","templated":true}]}}