{"id":83,"date":"2020-08-26T19:44:18","date_gmt":"2020-08-26T17:44:18","guid":{"rendered":"https:\/\/wp.imo.universite-paris-saclay.fr\/christine-keribin\/?page_id=83"},"modified":"2024-11-15T17:21:45","modified_gmt":"2024-11-15T16:21:45","slug":"curriculum-vitae","status":"publish","type":"page","link":"https:\/\/wp.imo.universite-paris-saclay.fr\/christine-keribin\/curriculum-vitae\/","title":{"rendered":"CV"},"content":{"rendered":"\n<h2 class=\"wp-block-heading\">Postes acad\u00e9miques<\/h2>\n\n\n\n<ul class=\"wp-block-list\">\n<li><strong>depuis 2024<\/strong>: Professeure des Universit\u00e9, Universit\u00e9 Paris-Saclay<br>UFR des Sciences, Laboratoire de Math\u00e9matiques d&#8217;Orsay<\/li>\n\n\n\n<li><strong>2006-2024<\/strong>: Ma\u00eetre de conf\u00e9rences, Universit\u00e9 Paris-Saclay (anciennement Paris-Sud) <br>UFR des Sciences, Laboratoire de Math\u00e9matiques d&#8217;Orsay<br>Hors-Classe depuis septembre 2015<\/li>\n\n\n\n<li><strong>2002-2006<\/strong>: Ma\u00eetre de conf\u00e9rences, Universit\u00e9 Paris Sud, IUT d&#8217;Orsay <br>D\u00e9partement informatique<\/li>\n\n\n\n<li><strong>1999-2002<\/strong>: Ma\u00eetre de conf\u00e9rences associ\u00e9 \u00e0 temps partiel (PAST), Universit\u00e9 Paris Sud<\/li>\n<\/ul>\n\n\n\n<h2 class=\"wp-block-heading\">Dipl\u00f4mes<\/h2>\n\n\n\n<ul class=\"wp-block-list\">\n<li><strong>2019: Habilitation \u00e0 Diriger les Recherches<\/strong>\u00a0(Universit\u00e9 Paris-Sud)\u00a0<br><em>De la classification \u00e0 la classification crois\u00e9e: une approche bas\u00e9e sur la mod\u00e9lisation<\/em><\/li>\n\n\n\n<li><strong>1999: Doctorat de Math\u00e9matique <\/strong>(Universit\u00e9 d\u2019Evry-Val d\u2019Essonne)\u00a0<br><em>Tests de mod\u00e8les par maximum de vraisemblance<\/em>, sous la direction d&#8217;Elisabeth Gassiat<\/li>\n\n\n\n<li><strong>1995:<\/strong>\u00a0<strong>DEA de Mod\u00e9lisation Stochastique et Statistique<\/strong>\u00a0(Universit\u00e9 Paris-Sud 11)<\/li>\n\n\n\n<li><strong>1986:<\/strong>\u00a0<strong>Ing\u00e9nieur ENSTA<\/strong>\u00a0(Ecole Nationale Sup\u00e9rieure de Techniques Avanc\u00e9es, Paris)<\/li>\n<\/ul>\n\n\n\n<h2 class=\"wp-block-heading\">Exp\u00e9rience professionnelle<\/h2>\n\n\n\n<p><strong>1986-2002:&nbsp;<a href=\"http:\/\/www.3ds.com\/\" target=\"_blank\" rel=\"noreferrer noopener\">DASSAULT-SYSTEMES<\/a><\/strong><br>M\u00e9tiers du d\u00e9veloppement de logiciel de Conception Assist\u00e9e par Ordinateur (CAO): le logiciel CATIA.Ing\u00e9nieur logiciel, chef de projet, chef d&#8217;\u00e9quipe, chef de service<\/p>\n\n\n\n<ul class=\"wp-block-list\">\n<li>d\u00e9veloppement du logiciel de maillage de l&#8217;analyse par \u00e9l\u00e9ments finis<\/li>\n\n\n\n<li>conception et gestion du logiciel de visualisation des r\u00e9sultats en \u00e9l\u00e9ments finis (postprocesseur)<\/li>\n\n\n\n<li>gestion de la plate-forme de d\u00e9finition des param\u00e8tres et entit\u00e9s technologiques (features)<\/li>\n\n\n\n<li>documentation et architecture d&#8217;interfaces de programmation du modeleur g\u00e9om\u00e9trique<\/li>\n\n\n\n<li>qualit\u00e9, tests et documentation du modeleur g\u00e9om\u00e9trique<\/li>\n<\/ul>\n","protected":false},"excerpt":{"rendered":"<p>Postes acad\u00e9miques Dipl\u00f4mes Exp\u00e9rience professionnelle 1986-2002:&nbsp;DASSAULT-SYSTEMESM\u00e9tiers du d\u00e9veloppement de logiciel de Conception Assist\u00e9e par Ordinateur (CAO): le logiciel CATIA.Ing\u00e9nieur logiciel, chef de projet, chef d&#8217;\u00e9quipe, chef de service<\/p>\n","protected":false},"author":5,"featured_media":0,"parent":0,"menu_order":0,"comment_status":"closed","ping_status":"closed","template":"","meta":{"footnotes":""},"class_list":["post-83","page","type-page","status-publish","hentry"],"_links":{"self":[{"href":"https:\/\/wp.imo.universite-paris-saclay.fr\/christine-keribin\/wp-json\/wp\/v2\/pages\/83","targetHints":{"allow":["GET"]}}],"collection":[{"href":"https:\/\/wp.imo.universite-paris-saclay.fr\/christine-keribin\/wp-json\/wp\/v2\/pages"}],"about":[{"href":"https:\/\/wp.imo.universite-paris-saclay.fr\/christine-keribin\/wp-json\/wp\/v2\/types\/page"}],"author":[{"embeddable":true,"href":"https:\/\/wp.imo.universite-paris-saclay.fr\/christine-keribin\/wp-json\/wp\/v2\/users\/5"}],"replies":[{"embeddable":true,"href":"https:\/\/wp.imo.universite-paris-saclay.fr\/christine-keribin\/wp-json\/wp\/v2\/comments?post=83"}],"version-history":[{"count":11,"href":"https:\/\/wp.imo.universite-paris-saclay.fr\/christine-keribin\/wp-json\/wp\/v2\/pages\/83\/revisions"}],"predecessor-version":[{"id":361,"href":"https:\/\/wp.imo.universite-paris-saclay.fr\/christine-keribin\/wp-json\/wp\/v2\/pages\/83\/revisions\/361"}],"wp:attachment":[{"href":"https:\/\/wp.imo.universite-paris-saclay.fr\/christine-keribin\/wp-json\/wp\/v2\/media?parent=83"}],"curies":[{"name":"wp","href":"https:\/\/api.w.org\/{rel}","templated":true}]}}