{"id":5,"date":"2020-04-08T18:13:20","date_gmt":"2020-04-08T16:13:20","guid":{"rendered":"https:\/\/wp.imo.universite-paris-saclay.fr\/daniel-fiorilli\/?page_id=5"},"modified":"2025-12-23T20:42:52","modified_gmt":"2025-12-23T19:42:52","slug":"list-of-publications","status":"publish","type":"page","link":"https:\/\/wp.imo.universite-paris-saclay.fr\/daniel-fiorilli\/","title":{"rendered":"List of publications"},"content":{"rendered":"\n<div class=\"wp-block-spacer\" style=\"height: 27px\" aria-hidden=\"true\">&nbsp;<\/div>\n\n\n\n<h1 class=\"wp-block-heading has-text-align-center\">Below you can find all my publications, with arXiv links. Do not hesitate to <a href=\"https:\/\/wp.imo.universite-paris-saclay.fr\/daniel-fiorilli\/list-of-publications\/contact\/\">contact me<\/a> with any comments you might have.<\/h1>\n\n\n\n<figure class=\"wp-block-table alignwide aligncenter is-style-stripes a_unline\"><table><thead><tr><th class=\"has-text-align-left\" data-align=\"left\"><strong>Title<\/strong><\/th><th><strong>Coauthor(s)<\/strong><\/th><th><strong>Publication details<\/strong><\/th><\/tr><\/thead><tbody><tr><td class=\"has-text-align-left\" data-align=\"left\">30. <a href=\"https:\/\/arxiv.org\/abs\/2505.18712\">Low-lying zeros in families of Maass form L-functions: an extended density theorem<\/a><\/td><td><a href=\"https:\/\/sites.google.com\/site\/martinxcech\/\">Martin \u010cech<\/a>, <a href=\"http:\/\/www-lmpa.univ-littoral.fr\/~ldevin\/\">Lucile Devin<\/a>, <a href=\"https:\/\/users.utu.fi\/ksmato\/\">Kaisa Matom\u00e4ki<\/a>, <a href=\"https:\/\/www.gu.se\/english\/about_the_university\/staff\/?userId=xsoand&amp;userName=Anders+S%C3%B6dergren\">Anders S\u00f6dergren<\/a><\/td><td>To appear, Algebra and Number Theory.<\/td><\/tr><tr><td class=\"has-text-align-left\" data-align=\"left\">29. <a href=\"https:\/\/arxiv.org\/abs\/2301.12826\">Moments in the Chebotarev density theorem: non-Gaussian families<\/a>.<\/td><td><a href=\"https:\/\/webusers.imj-prg.fr\/regis.de-la-breteche\">R\u00e9gis de la Bret\u00e8che<\/a>, <a href=\"http:\/\/math.u-bordeaux.fr\/~fjouve001\/\">Florent Jouve<\/a><\/td><td>To appear, Mathematische Zeitschrift.<\/td><\/tr><tr><td class=\"has-text-align-left\" data-align=\"left\">28. <a href=\"https:\/\/arxiv.org\/abs\/2210.15782\">Extending the unconditional support in an Iwaniec-Luo-Sarnak family<\/a>.  <\/td><td><a href=\"http:\/\/www-lmpa.univ-littoral.fr\/~ldevin\/\">Lucile Devin<\/a>, <a href=\"https:\/\/www.gu.se\/english\/about_the_university\/staff\/?userId=xsoand&amp;userName=Anders+S%C3%B6dergren\">Anders S\u00f6dergren<\/a><\/td><td><a href=\"https:\/\/msp.org\/ant\/2025\/19-8\/p05.xhtml\">Algebra Number Theory <strong>19<\/strong> (2025), no. 8, 1621-1635.<\/a><\/td><\/tr><tr><td class=\"has-text-align-left\" data-align=\"left\">27. <a href=\"https:\/\/arxiv.org\/abs\/2301.12899\">Moments in the Chebotarev density theorem: general class functions<\/a>.<\/td><td><a href=\"https:\/\/webusers.imj-prg.fr\/regis.de-la-breteche\">R\u00e9gis de la Bret\u00e8che<\/a>, <a href=\"http:\/\/math.u-bordeaux.fr\/~fjouve001\/\">Florent Jouve<\/a><\/td><td><a href=\"https:\/\/msp.org\/ant\/2025\/19-3\/p03.xhtml\">Algebra Number Theory <strong>19<\/strong> (2025), no. 3, 481\u2013520.<\/a><\/td><\/tr><tr><td class=\"has-text-align-left\" data-align=\"left\">26. <a href=\"https:\/\/arxiv.org\/abs\/2001.05428\">Distribution of Frobenius elements in families of Galois extensions<\/a>.<\/td><td><a href=\"https:\/\/www.math.u-bordeaux.fr\/~fjouve001\/\">Florent Jouve<\/a><\/td><td><a href=\"https:\/\/www.cambridge.org\/core\/journals\/journal-of-the-institute-of-mathematics-of-jussieu\/article\/abs\/distribution-of-frobenius-elements-in-families-of-galois-extensions\/5DEB85B5D91B31200AE600ECEFC8F10E\">J. Inst. Math. Jussieu <strong>23<\/strong> (2024), no. 3, 1169\u20131258.<\/a><\/td><\/tr><tr><td class=\"has-text-align-left\" data-align=\"left\">25. <a href=\"https:\/\/arxiv.org\/abs\/2010.05944\">Moments of moments of primes in arithmetic progressions<\/a>.<\/td><td><a href=\"https:\/\/webusers.imj-prg.fr\/regis.de-la-breteche\">R\u00e9gis de la Bret\u00e8che<\/a><\/td><td><a href=\"https:\/\/londmathsoc.onlinelibrary.wiley.com\/doi\/10.1112\/plms.12542\">Proc. Lond. Math. Soc. (3) <strong>127<\/strong> (2023), no. 1, 165\u2013220.<\/a><\/td><\/tr><tr><td class=\"has-text-align-left\" data-align=\"left\">24. <a href=\"https:\/\/arxiv.org\/abs\/2008.05837\">Disproving Hooley&#8217;s conjecture<\/a>.<\/td><td><a href=\"https:\/\/www.math.ubc.ca\/~gerg\/\">Greg Martin<\/a><\/td><td><a href=\"https:\/\/ems.press\/journals\/jems\/articles\/8095586\">J. Eur. Math. Soc. (JEMS) <strong>25<\/strong> (2023), no. 12, 4791\u20134812.<\/a><\/td><\/tr><tr><td class=\"has-text-align-left\" data-align=\"left\">23. <a href=\"https:\/\/arxiv.org\/abs\/2102.08077\">Omega results for cubic field counts via lower-order terms in the one-level density.<\/a><\/td><td><a href=\"https:\/\/sites.google.com\/view\/jaehyuncho\/\">Peter Cho<\/a>, <a href=\"https:\/\/sites.google.com\/site\/leeybmath\/\">Yoonbok Lee<\/a>, <a href=\"https:\/\/www.gu.se\/english\/about_the_university\/staff\/?userId=xsoand&amp;userName=Anders+S%C3%B6dergren\">Anders S\u00f6dergren<\/a><\/td><td><a href=\"https:\/\/www.cambridge.org\/core\/journals\/forum-of-mathematics-sigma\/article\/omega-results-for-cubic-field-counts-via-lowerorder-terms-in-the-onelevel-density\/B6A2384C9DCA1BB2CCCDCC69DDBF0144\">Forum Math. Sigma <strong>10<\/strong> (2022), Paper No. e80.<\/a><\/td><\/tr><tr><td class=\"has-text-align-left\" data-align=\"left\">22. <a href=\"https:\/\/arxiv.org\/abs\/2012.12245\">Unconditional Chebyshev biases in number fields<\/a>.<\/td><td><a href=\"http:\/\/math.u-bordeaux.fr\/~fjouve001\/\">Florent Jouve<\/a><\/td><td><a href=\"https:\/\/jep.centre-mersenne.org\/item\/10.5802\/jep.192.pdf\">J. \u00c9c. polytech. Math. <strong>9<\/strong> (2022), 671-679.<\/a><\/td><\/tr><tr><td class=\"has-text-align-left\" data-align=\"left\">21. <a href=\"https:\/\/arxiv.org\/abs\/1911.08310\">Low-lying zeros in families of holomorphic cusp forms: the weight aspect<\/a>.<\/td><td><a href=\"http:\/\/www-lmpa.univ-littoral.fr\/~ldevin\/\">Lucile Devin<\/a>, <a href=\"https:\/\/www.gu.se\/english\/about_the_university\/staff\/?userId=xsoand&amp;userName=Anders+S%C3%B6dergren\">Anders S\u00f6dergren<\/a><\/td><td><a href=\"https:\/\/academic.oup.com\/qjmath\/article\/73\/4\/1403\/6582731?searchresult=1\">Q. J. Math. <strong>73<\/strong> (2022), no. 4, 1403\u20131426.<\/a><\/td><\/tr><tr><td class=\"has-text-align-left\" data-align=\"left\">20. <a href=\"https:\/\/arxiv.org\/abs\/2009.05760\">On a conjecture of Montgomery and Soundararajan<\/a>.<\/td><td><a href=\"https:\/\/webusers.imj-prg.fr\/regis.de-la-breteche\">R\u00e9gis de la Bret\u00e8che<\/a><\/td><td><a href=\"https:\/\/link.springer.com\/article\/10.1007\/s00208-021-02179-6\">Math. Ann. <strong>381<\/strong> (2021), no. 1-2, 575\u2013591.<\/a><\/td><\/tr><tr><td class=\"has-text-align-left\" data-align=\"left\">19. <a href=\"http:\/\/arxiv.org\/abs\/2003.02201\">The first moment of primes in arithmetic progressions: Beyond the Siegel-Walfisz range<\/a>.<\/td><td><a href=\"https:\/\/sary-aurelien-drappeau.pedaweb.univ-amu.fr\/\">Sary Drappeau<\/a><\/td><td><a href=\"https:\/\/londmathsoc.onlinelibrary.wiley.com\/doi\/full\/10.1112\/tlm3.12030#reference\">Trans. London Math. Soc. <strong>8<\/strong> (2021), no. 1, 174\u2013185.<\/a><\/td><\/tr><tr><td class=\"has-text-align-left\" data-align=\"left\">18. <a href=\"https:\/\/arxiv.org\/abs\/1611.08312\">Major arcs and moments of arithmetical sequences<\/a>.<\/td><td><a href=\"https:\/\/webusers.imj-prg.fr\/regis.de-la-breteche\">R\u00e9gis de la Bret\u00e8che<\/a><\/td><td><a href=\"https:\/\/muse.jhu.edu\/article\/746674\">Amer. J. Math. <strong>142<\/strong> (2020), no. 1, 45\u201377.<\/a><\/td><\/tr><tr><td class=\"has-text-align-left\" data-align=\"left\">17. <a href=\"http:\/\/arxiv.org\/abs\/1506.03268\">Entiers friables dans des progressions arithm\u00e9tiques de grand module<\/a>.<\/td><td><a href=\"https:\/\/webusers.imj-prg.fr\/regis.de-la-breteche\">R\u00e9gis de la Bret\u00e8che<\/a><\/td><td><a href=\"https:\/\/www.cambridge.org\/core\/journals\/mathematical-proceedings-of-the-cambridge-philosophical-society\/article\/entiers-friables-dans-des-progressions-arithmetiques-de-grand-module\/21A6447344ABF2F49CCD6980A3ADA620\">Math. Proc. Cambridge Philos. Soc. <strong>169<\/strong> (2020), no. 1, 75\u2013102.<\/a><\/td><\/tr><tr><td class=\"has-text-align-left\" data-align=\"left\">16. <a href=\"https:\/\/arxiv.org\/abs\/1710.06834\">Low-lying zeros of quadratic Dirichlet&nbsp;L-functions:&nbsp;A transition in the Ratios Conjecture<\/a>.<\/td><td><a href=\"https:\/\/www.linkedin.com\/in\/james-parks-493670129\">James Parks<\/a>, <a href=\"https:\/\/www.gu.se\/english\/about_the_university\/staff\/?userId=xsoand&amp;userName=Anders+S%C3%B6dergren\">Anders S\u00f6dergren<\/a><\/td><td><a href=\"https:\/\/academic.oup.com\/qjmath\/article-abstract\/69\/4\/1129\/4967903\">Q. J. Math. <strong>69<\/strong> (2018), no. 4, 1129\u20131149<\/a>.<\/td><\/tr><tr><td class=\"has-text-align-left\" data-align=\"left\">15. <a href=\"http:\/\/arxiv.org\/abs\/1601.06833\">Low-lying zeros of quadratic Dirichlet L-functions: Lower order terms for extended support<\/a>.<\/td><td><a href=\"https:\/\/www.linkedin.com\/in\/james-parks-493670129\">James Parks<\/a>, <a href=\"https:\/\/www.gu.se\/english\/about_the_university\/staff\/?userId=xsoand&amp;userName=Anders+S%C3%B6dergren\">Anders S\u00f6dergren<\/a><\/td><td><a href=\"https:\/\/www.cambridge.org\/core\/journals\/compositio-mathematica\/article\/lowlying-zeros-of-quadratic-dirichlet-l-functions-lower-order-terms-for-extended-support\/A6B53ED2E9DD0C518A0F621883DA18C1\">Compos. Math. <strong>153<\/strong> (2017), no. 6, 1196\u20131216<\/a>.<\/td><\/tr><tr><td class=\"has-text-align-left\" data-align=\"left\">14. <a href=\"http:\/\/arxiv.org\/abs\/1508.07309\">On Vaughan&#8217;s approximation: The first moment<\/a>.<\/td><td>&nbsp;<\/td><td><a href=\"https:\/\/londmathsoc.onlinelibrary.wiley.com\/doi\/10.1112\/jlms.12017\">J. Lond. Math. Soc. (2) <strong>95<\/strong> (2017), no. 1, 305\u2013322<\/a>.<\/td><\/tr><tr><td class=\"has-text-align-left\" data-align=\"left\">13. <a href=\"http:\/\/arxiv.org\/abs\/1502.05294\">Independence of the zeros of elliptic curve L-functions over function fields<\/a>.<\/td><td><a href=\"https:\/\/sites.google.com\/view\/byungchulcha\/\">Byungchul Cha<\/a>, <a href=\"https:\/\/www.math.u-bordeaux.fr\/~fjouve001\/\">Florent Jouve<\/a><\/td><td><a href=\"https:\/\/academic.oup.com\/imrn\/article-abstract\/2017\/9\/2614\/3061031\">Int. Math. Res. Not. IMRN 2017, no. 9, 2614\u20132661<\/a>.<\/td><\/tr><tr><td class=\"has-text-align-left\" data-align=\"left\">12. <a href=\"http:\/\/arxiv.org\/abs\/1502.05295\">Prime number races for elliptic curves over function fields<\/a>.<\/td><td><a href=\"https:\/\/sites.google.com\/view\/byungchulcha\/\">Byungchul Cha<\/a>, <a href=\"https:\/\/www.math.u-bordeaux.fr\/~fjouve001\/\">Florent Jouve<\/a><\/td><td><a href=\"https:\/\/smf.emath.fr\/publications\/bias-de-chebyshev-pour-les-courbes-elliptiques-sur-les-corps-de-fonctions\">Ann. Sci. \u00c9c. Norm. Sup\u00e9r. (4) <strong>49<\/strong> (2016), no. 5, 1239\u20131277.<\/a><\/td><\/tr><tr><td class=\"has-text-align-left\" data-align=\"left\">11. <a href=\"http:\/\/arxiv.org\/abs\/1403.7108\">A conditional determination of the average rank of elliptic curves<\/a>.<\/td><td>&nbsp;<\/td><td><a href=\"https:\/\/londmathsoc.onlinelibrary.wiley.com\/doi\/abs\/10.1112\/jlms\/jdw058\">J. Lond. Math. Soc. (2) <strong>94<\/strong> (2016), no. 3, 767\u2013792<\/a>.<\/td><\/tr><tr><td class=\"has-text-align-left\" data-align=\"left\">10. <a href=\"http:\/\/arxiv.org\/abs\/1405.5110\">Low-lying zeros of elliptic curve L-functions: Beyond the ratios conjecture<\/a>.<\/td><td><a href=\"https:\/\/www.linkedin.com\/in\/james-parks-493670129\">James Parks<\/a>, <a href=\"https:\/\/www.gu.se\/english\/about_the_university\/staff\/?userId=xsoand&amp;userName=Anders+S%C3%B6dergren\">Anders S\u00f6dergren<\/a><\/td><td><a href=\"https:\/\/www.cambridge.org\/core\/journals\/mathematical-proceedings-of-the-cambridge-philosophical-society\/article\/lowlying-zeros-of-elliptic-curve-lfunctions-beyond-the-ratios-conjecture\/3B1A93272B32CCC7D4C7570F856FD437\">Math. Proc. Cambridge Philos. Soc. <strong>160<\/strong> (2016), no. 2, 315\u2013351<\/a>.<\/td><\/tr><tr><td class=\"has-text-align-left\" data-align=\"left\">9. <a href=\"http:\/\/arxiv.org\/abs\/1403.7079\">On the non-vanishing of Dirichlet L-functions at the central point<\/a>.<\/td><td>&nbsp;<\/td><td><a href=\"https:\/\/academic.oup.com\/qjmath\/article-abstract\/66\/2\/517\/1592512\">Q. J. Math. <strong>66<\/strong> (2015), no. 2, 517\u2013528<\/a>.<\/td><\/tr><tr><td class=\"has-text-align-left\" data-align=\"left\">8.&nbsp;<a href=\"http:\/\/arxiv.org\/abs\/1301.5663\">The distribution of the variance of primes in arithmetic progressions<\/a>.<\/td><td>&nbsp;<\/td><td><a href=\"https:\/\/academic.oup.com\/imrn\/article-abstract\/2015\/12\/4421\/677879\">Int. Math. Res. Not. IMRN 2015, no. 12, 4421\u20134448<\/a>.<\/td><\/tr><tr><td class=\"has-text-align-left\" data-align=\"left\">7.&nbsp;<a href=\"http:\/\/arxiv.org\/abs\/1111.3896\">Surpassing the Ratios Conjecture in the 1-level density of Dirichlet L-functions<\/a>.<\/td><td><a href=\"https:\/\/web.williams.edu\/Mathematics\/sjmiller\/public_html\/\">Steven J. Miller<\/a><\/td><td><a href=\"https:\/\/projecteuclid.org\/euclid.ant\/1510842258\">Algebra Number Theory <strong>9<\/strong> (2015), no. 1, 13\u201352<\/a>.<\/td><\/tr><tr><td class=\"has-text-align-left\" data-align=\"left\">6.&nbsp;<a href=\"http:\/\/arxiv.org\/abs\/1304.8011\">Elliptic curves of unbounded rank and Chebyshev&#8217;s bias<\/a>.<\/td><td>&nbsp;<\/td><td><a href=\"https:\/\/academic.oup.com\/imrn\/article-abstract\/2014\/18\/4997\/747462\">Int. Math. Res. Not. IMRN 2014, no. 18, 4997\u20135024<\/a>.<\/td><\/tr><tr><td class=\"has-text-align-left\" data-align=\"left\">5.&nbsp;<a href=\"http:\/\/arxiv.org\/abs\/1210.6946\">Highly biased prime number races<\/a>.<\/td><td>&nbsp;<\/td><td><a href=\"https:\/\/projecteuclid.org\/euclid.ant\/1513730273\">Algebra Number Theory <strong>8<\/strong> (2014), no. 7, 1733\u20131767<\/a>.<\/td><\/tr><tr><td class=\"has-text-align-left\" data-align=\"left\">4.&nbsp;<a href=\"http:\/\/arxiv.org\/abs\/1104.2542\">The influence of the first term of an arithmetic progression<\/a>.&nbsp;<\/td><td>&nbsp;<\/td><td><a href=\"https:\/\/londmathsoc.onlinelibrary.wiley.com\/doi\/abs\/10.1112\/plms\/pds055\">Proc. London Math. Soc. <strong>106<\/strong> (4) (2013), 819\u2013858<\/a>.<\/td><\/tr><tr><td class=\"has-text-align-left\" data-align=\"left\">3.&nbsp;<a href=\"http:\/\/arxiv.org\/abs\/0912.4908\">Inequities in the Shanks-Renyi prime number race: An asymptotic formula for the densities<\/a>.<\/td><td><a href=\"https:\/\/www.math.ubc.ca\/~gerg\/\">Greg Martin<\/a><\/td><td><a href=\"https:\/\/www.degruyter.com\/view\/j\/crll.2013.2013.issue-676\/crelle.2012.004\/crelle.2012.004.xml\">J. Reine Angew. Math.&nbsp;<strong>676<\/strong>&nbsp;(2013), 121\u2013212<\/a>.<\/td><\/tr><tr><td class=\"has-text-align-left\" data-align=\"left\">2.&nbsp;<a href=\"http:\/\/arxiv.org\/abs\/1108.0439\">On a Theorem of Bombieri, Friedlander and Iwaniec<\/a>.<\/td><td>&nbsp;<\/td><td><a href=\"https:\/\/www.cambridge.org\/core\/journals\/canadian-journal-of-mathematics\/article\/on-a-theorem-of-bombieri-friedlander-and-iwaniec\/6F019883E34D9946AFD27A30A4061440#\">Canad. J. Math.&nbsp;<strong>64<\/strong>&nbsp;(2012), 1019\u20131035<\/a>.<\/td><\/tr><tr><td class=\"has-text-align-left\" data-align=\"left\">1.&nbsp;<a href=\"http:\/\/arxiv.org\/abs\/1009.2699\">Residue classes containing an unexpected number of primes<\/a>.<\/td><td>&nbsp;<\/td><td><a href=\"https:\/\/projecteuclid.org\/euclid.dmj\/1354198150\">Duke Math. J.&nbsp;<strong>161<\/strong>&nbsp;(2012), no. 15, 2923\u20132943<\/a>.<\/td><\/tr><\/tbody><\/table><\/figure>\n\n\n\n<p><\/p>\n","protected":false},"excerpt":{"rendered":"<p>&nbsp; Below you can find all my publications, with arXiv links. Do not hesitate to contact me with any comments you might have. Title Coauthor(s) Publication details 30. Low-lying zeros in families of Maass form L-functions: an extended density theorem Martin \u010cech, Lucile Devin, Kaisa Matom\u00e4ki, Anders S\u00f6dergren To appear, Algebra and Number Theory. 29. [&hellip;]<\/p>\n","protected":false},"author":4,"featured_media":0,"parent":0,"menu_order":0,"comment_status":"closed","ping_status":"closed","template":"","meta":{"ocean_post_layout":"full-screen","ocean_both_sidebars_style":"","ocean_both_sidebars_content_width":0,"ocean_both_sidebars_sidebars_width":0,"ocean_sidebar":"0","ocean_second_sidebar":"0","ocean_disable_margins":"enable","ocean_add_body_class":"","ocean_shortcode_before_top_bar":"","ocean_shortcode_after_top_bar":"","ocean_shortcode_before_header":"","ocean_shortcode_after_header":"","ocean_has_shortcode":"","ocean_shortcode_after_title":"","ocean_shortcode_before_footer_widgets":"","ocean_shortcode_after_footer_widgets":"","ocean_shortcode_before_footer_bottom":"","ocean_shortcode_after_footer_bottom":"","ocean_display_top_bar":"default","ocean_display_header":"default","ocean_header_style":"","ocean_center_header_left_menu":"0","ocean_custom_header_template":"0","ocean_custom_logo":0,"ocean_custom_retina_logo":0,"ocean_custom_logo_max_width":0,"ocean_custom_logo_tablet_max_width":0,"ocean_custom_logo_mobile_max_width":0,"ocean_custom_logo_max_height":0,"ocean_custom_logo_tablet_max_height":0,"ocean_custom_logo_mobile_max_height":0,"ocean_header_custom_menu":"0","ocean_menu_typo_font_family":"0","ocean_menu_typo_font_subset":"","ocean_menu_typo_font_size":0,"ocean_menu_typo_font_size_tablet":0,"ocean_menu_typo_font_size_mobile":0,"ocean_menu_typo_font_size_unit":"px","ocean_menu_typo_font_weight":"","ocean_menu_typo_font_weight_tablet":"","ocean_menu_typo_font_weight_mobile":"","ocean_menu_typo_transform":"","ocean_menu_typo_transform_tablet":"","ocean_menu_typo_transform_mobile":"","ocean_menu_typo_line_height":0,"ocean_menu_typo_line_height_tablet":0,"ocean_menu_typo_line_height_mobile":0,"ocean_menu_typo_line_height_unit":"","ocean_menu_typo_spacing":0,"ocean_menu_typo_spacing_tablet":0,"ocean_menu_typo_spacing_mobile":0,"ocean_menu_typo_spacing_unit":"","ocean_menu_link_color":"","ocean_menu_link_color_hover":"","ocean_menu_link_color_active":"","ocean_menu_link_background":"","ocean_menu_link_hover_background":"","ocean_menu_link_active_background":"","ocean_menu_social_links_bg":"","ocean_menu_social_hover_links_bg":"","ocean_menu_social_links_color":"","ocean_menu_social_hover_links_color":"","ocean_disable_title":"default","ocean_disable_heading":"default","ocean_post_title":"","ocean_post_subheading":"","ocean_post_title_style":"background-image","ocean_post_title_background_color":"","ocean_post_title_background":10,"ocean_post_title_bg_image_position":"center center","ocean_post_title_bg_image_attachment":"fixed","ocean_post_title_bg_image_repeat":"","ocean_post_title_bg_image_size":"","ocean_post_title_height":0,"ocean_post_title_bg_overlay":0.5,"ocean_post_title_bg_overlay_color":"","ocean_disable_breadcrumbs":"default","ocean_breadcrumbs_color":"","ocean_breadcrumbs_separator_color":"","ocean_breadcrumbs_links_color":"","ocean_breadcrumbs_links_hover_color":"","ocean_display_footer_widgets":"default","ocean_display_footer_bottom":"default","ocean_custom_footer_template":"0","footnotes":""},"class_list":["post-5","page","type-page","status-publish","hentry","entry"],"_links":{"self":[{"href":"https:\/\/wp.imo.universite-paris-saclay.fr\/daniel-fiorilli\/wp-json\/wp\/v2\/pages\/5","targetHints":{"allow":["GET"]}}],"collection":[{"href":"https:\/\/wp.imo.universite-paris-saclay.fr\/daniel-fiorilli\/wp-json\/wp\/v2\/pages"}],"about":[{"href":"https:\/\/wp.imo.universite-paris-saclay.fr\/daniel-fiorilli\/wp-json\/wp\/v2\/types\/page"}],"author":[{"embeddable":true,"href":"https:\/\/wp.imo.universite-paris-saclay.fr\/daniel-fiorilli\/wp-json\/wp\/v2\/users\/4"}],"replies":[{"embeddable":true,"href":"https:\/\/wp.imo.universite-paris-saclay.fr\/daniel-fiorilli\/wp-json\/wp\/v2\/comments?post=5"}],"version-history":[{"count":78,"href":"https:\/\/wp.imo.universite-paris-saclay.fr\/daniel-fiorilli\/wp-json\/wp\/v2\/pages\/5\/revisions"}],"predecessor-version":[{"id":472,"href":"https:\/\/wp.imo.universite-paris-saclay.fr\/daniel-fiorilli\/wp-json\/wp\/v2\/pages\/5\/revisions\/472"}],"wp:attachment":[{"href":"https:\/\/wp.imo.universite-paris-saclay.fr\/daniel-fiorilli\/wp-json\/wp\/v2\/media?parent=5"}],"curies":[{"name":"wp","href":"https:\/\/api.w.org\/{rel}","templated":true}]}}